{"id":112,"date":"2025-02-13T10:29:17","date_gmt":"2025-02-13T09:29:17","guid":{"rendered":"https:\/\/tasp.saxon.hu\/?page_id=112"},"modified":"2026-01-07T05:41:29","modified_gmt":"2026-01-07T04:41:29","slug":"kapcsolat","status":"publish","type":"page","link":"https:\/\/tasp.aero\/hu\/kapcsolat\/","title":{"rendered":"Kapcsolat"},"content":{"rendered":"\t\t<div data-elementor-type=\"wp-page\" data-elementor-id=\"112\" class=\"elementor elementor-112\" data-elementor-post-type=\"page\">\n\t\t\t\t\t\t<section class=\"elementor-section elementor-top-section elementor-element elementor-element-6894b7c elementor-section-full_width elementor-section-height-default elementor-section-height-default\" data-id=\"6894b7c\" data-element_type=\"section\" data-e-type=\"section\">\n\t\t\t\t\t\t<div class=\"elementor-container elementor-column-gap-no\">\n\t\t\t\t\t<div class=\"elementor-column elementor-col-100 elementor-top-column elementor-element elementor-element-ceca711\" data-id=\"ceca711\" data-element_type=\"column\" data-e-type=\"column\">\n\t\t\t<div class=\"elementor-widget-wrap elementor-element-populated\">\n\t\t\t\t\t\t<div class=\"elementor-element elementor-element-741967a elementor-widget elementor-widget-spacer\" data-id=\"741967a\" data-element_type=\"widget\" data-e-type=\"widget\" data-widget_type=\"spacer.default\">\n\t\t\t\t<div class=\"elementor-widget-container\">\n\t\t\t\t\t\t\t<div class=\"elementor-spacer\">\n\t\t\t<div class=\"elementor-spacer-inner\"><\/div>\n\t\t<\/div>\n\t\t\t\t\t\t<\/div>\n\t\t\t\t<\/div>\n\t\t\t\t\t<\/div>\n\t\t<\/div>\n\t\t\t\t\t<\/div>\n\t\t<\/section>\n\t\t\t\t<section class=\"elementor-section elementor-top-section elementor-element elementor-element-3a67ea0 elementor-section-full_width elementor-section-height-default elementor-section-height-default\" data-id=\"3a67ea0\" data-element_type=\"section\" data-e-type=\"section\" data-settings=\"{&quot;background_background&quot;:&quot;classic&quot;}\">\n\t\t\t\t\t\t\t<div class=\"elementor-background-overlay\"><\/div>\n\t\t\t\t\t\t\t<div class=\"elementor-container elementor-column-gap-no\">\n\t\t\t\t\t<div class=\"elementor-column elementor-col-100 elementor-top-column elementor-element elementor-element-5480efb\" data-id=\"5480efb\" data-element_type=\"column\" data-e-type=\"column\">\n\t\t\t<div class=\"elementor-widget-wrap elementor-element-populated\">\n\t\t\t\t\t\t<div class=\"elementor-element elementor-element-9fb6ede elementor-widget elementor-widget-image\" data-id=\"9fb6ede\" data-element_type=\"widget\" data-e-type=\"widget\" data-settings=\"{&quot;motion_fx_motion_fx_scrolling&quot;:&quot;yes&quot;,&quot;motion_fx_opacity_effect&quot;:&quot;yes&quot;,&quot;motion_fx_opacity_direction&quot;:&quot;out-in-out&quot;,&quot;motion_fx_opacity_range&quot;:{&quot;unit&quot;:&quot;%&quot;,&quot;size&quot;:&quot;&quot;,&quot;sizes&quot;:{&quot;start&quot;:0,&quot;end&quot;:54}},&quot;motion_fx_opacity_level&quot;:{&quot;unit&quot;:&quot;px&quot;,&quot;size&quot;:10,&quot;sizes&quot;:[]},&quot;motion_fx_devices&quot;:[&quot;desktop&quot;,&quot;tablet&quot;,&quot;mobile&quot;]}\" data-widget_type=\"image.default\">\n\t\t\t\t<div class=\"elementor-widget-container\">\n\t\t\t\t\t\t\t\t\t\t\t\t\t\t\t<img fetchpriority=\"high\" decoding=\"async\" width=\"1440\" height=\"700\" src=\"https:\/\/tasp.aero\/hu\/wp-content\/uploads\/2025\/02\/Aero-Space-Power-Contact-1.jpg\" class=\"attachment-full size-full wp-image-711\" alt=\"\" srcset=\"https:\/\/tasp.aero\/hu\/wp-content\/uploads\/2025\/02\/Aero-Space-Power-Contact-1.jpg 1440w, https:\/\/tasp.aero\/hu\/wp-content\/uploads\/2025\/02\/Aero-Space-Power-Contact-1-300x146.jpg 300w, https:\/\/tasp.aero\/hu\/wp-content\/uploads\/2025\/02\/Aero-Space-Power-Contact-1-1024x498.jpg 1024w, https:\/\/tasp.aero\/hu\/wp-content\/uploads\/2025\/02\/Aero-Space-Power-Contact-1-768x373.jpg 768w\" sizes=\"(max-width: 1440px) 100vw, 1440px\" \/>\t\t\t\t\t\t\t\t\t\t\t\t\t\t\t<\/div>\n\t\t\t\t<\/div>\n\t\t\t\t\t<\/div>\n\t\t<\/div>\n\t\t\t\t\t<\/div>\n\t\t<\/section>\n\t\t\t\t<section class=\"elementor-section elementor-top-section elementor-element elementor-element-1fb2ce1 elementor-section-content-middle elementor-section-full_width elementor-section-height-default elementor-section-height-default\" data-id=\"1fb2ce1\" data-element_type=\"section\" data-e-type=\"section\" data-settings=\"{&quot;background_background&quot;:&quot;classic&quot;}\">\n\t\t\t\t\t\t<div class=\"elementor-container elementor-column-gap-no\">\n\t\t\t\t\t<div class=\"elementor-column elementor-col-100 elementor-top-column elementor-element elementor-element-385d305\" data-id=\"385d305\" data-element_type=\"column\" data-e-type=\"column\">\n\t\t\t<div class=\"elementor-widget-wrap elementor-element-populated\">\n\t\t\t\t\t\t<div class=\"elementor-element elementor-element-160a3d4 elementor-widget elementor-widget-heading\" data-id=\"160a3d4\" data-element_type=\"widget\" data-e-type=\"widget\" data-widget_type=\"heading.default\">\n\t\t\t\t<div class=\"elementor-widget-container\">\n\t\t\t\t\t<h3 class=\"elementor-heading-title elementor-size-default\">1158 BUDAPEST, H\u0170T\u0150 U. 1.<\/h3>\t\t\t\t<\/div>\n\t\t\t\t<\/div>\n\t\t\t\t\t<\/div>\n\t\t<\/div>\n\t\t\t\t\t<\/div>\n\t\t<\/section>\n\t\t\t\t<section class=\"elementor-section elementor-top-section elementor-element elementor-element-0d8ff51 elementor-section-full_width elementor-section-height-default elementor-section-height-default\" data-id=\"0d8ff51\" data-element_type=\"section\" data-e-type=\"section\" data-settings=\"{&quot;background_background&quot;:&quot;classic&quot;}\">\n\t\t\t\t\t\t<div class=\"elementor-container elementor-column-gap-default\">\n\t\t\t\t\t<div class=\"elementor-column elementor-col-100 elementor-top-column elementor-element elementor-element-25df749\" data-id=\"25df749\" data-element_type=\"column\" data-e-type=\"column\">\n\t\t\t<div class=\"elementor-widget-wrap elementor-element-populated\">\n\t\t\t\t\t\t<div class=\"elementor-element elementor-element-68adcd5 elementor-flip-box--3d elementor-flip-box--effect-flip elementor-flip-box--direction-up elementor-widget elementor-widget-flip-box\" data-id=\"68adcd5\" data-element_type=\"widget\" data-e-type=\"widget\" data-widget_type=\"flip-box.default\">\n\t\t\t\t<div class=\"elementor-widget-container\">\n\t\t\t\t\t\t\t<div class=\"elementor-flip-box\" tabindex=\"0\">\n\t\t\t<div class=\"elementor-flip-box__layer elementor-flip-box__front\">\n\t\t\t\t<div class=\"elementor-flip-box__layer__overlay\">\n\t\t\t\t\t<div class=\"elementor-flip-box__layer__inner\">\n\t\t\t\t\t\t\t\t\t\t\t\t\t<div class=\"elementor-icon-wrapper elementor-view-default\">\n\t\t\t\t\t\t\t\t<div class=\"elementor-icon\">\n\t\t\t\t\t\t\t\t\t<i aria-hidden=\"true\" class=\"far fa-building\"><\/i>\t\t\t\t\t\t\t\t<\/div>\n\t\t\t\t\t\t\t<\/div>\n\t\t\t\t\t\t\n\t\t\t\t\t\t\t\t\t\t\t\t\t<h3 class=\"elementor-flip-box__layer__title\">\n\t\t\t\t\t\t\t\tH\u00edvjon minket!\t\t\t\t\t\t\t<\/h3>\n\t\t\t\t\t\t\n\t\t\t\t\t\t\t\t\t\t\t\t\t<div class=\"elementor-flip-box__layer__description\">\n\t\t\t\t\t\t\t\t+36 70 452 1177\t\t\t\t\t\t\t<\/div>\n\t\t\t\t\t\t\t\t\t\t\t<\/div>\n\t\t\t\t<\/div>\n\t\t\t<\/div>\n\t\t\t<div class=\"elementor-flip-box__layer elementor-flip-box__back\">\n\t\t\t<div class=\"elementor-flip-box__layer__overlay\">\n\t\t\t\t<div class=\"elementor-flip-box__layer__inner\">\n\t\t\t\t\t\t\t\t\t\t\t<h3 class=\"elementor-flip-box__layer__title\">\n\t\t\t\t\t\t\t\u00cdrjon nek\u00fcnk!\t\t\t\t\t\t<\/h3>\n\t\t\t\t\t\n\t\t\t\t\t\t\t\t\t\t\t<div class=\"elementor-flip-box__layer__description\">\n\t\t\t\t\t\t\tinfo@tasp.aero\t\t\t\t\t\t<\/div>\n\t\t\t\t\t\n\t\t\t\t\t\t\t\t\t\t\t<a class=\"elementor-flip-box__button elementor-button elementor-size-xl\" href=\"https:\/\/www.linkedin.com\/company\/80635318\/admin\/dashboard\/\">\n\t\t\t\t\t\t\tK\u00f6vessen Minket @ LinkedIn!\t\t\t\t\t\t<\/a>\n\t\t\t\t\t\t\t\t<\/div>\n\t\t<\/div>\n\t\t<\/div>\n\t\t<\/div>\n\t\t\t\t\t\t<\/div>\n\t\t\t\t<\/div>\n\t\t\t\t\t<\/div>\n\t\t<\/div>\n\t\t\t\t\t<\/div>\n\t\t<\/section>\n\t\t\t\t<section class=\"elementor-section elementor-top-section elementor-element elementor-element-df3a715 elementor-section-content-top elementor-section-full_width elementor-section-height-default elementor-section-height-default\" data-id=\"df3a715\" data-element_type=\"section\" data-e-type=\"section\" data-settings=\"{&quot;background_background&quot;:&quot;classic&quot;}\">\n\t\t\t\t\t\t<div class=\"elementor-container elementor-column-gap-default\">\n\t\t\t\t\t<div class=\"elementor-column elementor-col-100 elementor-top-column elementor-element elementor-element-47da643\" data-id=\"47da643\" data-element_type=\"column\" data-e-type=\"column\">\n\t\t\t<div class=\"elementor-widget-wrap elementor-element-populated\">\n\t\t\t\t\t\t<div class=\"elementor-element elementor-element-8beac22 elementor-widget elementor-widget-google_maps\" data-id=\"8beac22\" data-element_type=\"widget\" data-e-type=\"widget\" data-widget_type=\"google_maps.default\">\n\t\t\t\t<div class=\"elementor-widget-container\">\n\t\t\t\t\t\t\t<div class=\"elementor-custom-embed\">\n\t\t\t<iframe loading=\"lazy\"\n\t\t\t\t\tsrc=\"https:\/\/maps.google.com\/maps?q=H-1158%20Budapest%2C%20H%C5%B1t%C5%91%20u.%201.&#038;t=m&#038;z=18&#038;output=embed&#038;iwloc=near\"\n\t\t\t\t\ttitle=\"H-1158 Budapest, H\u0171t\u0151 u. 1.\"\n\t\t\t\t\taria-label=\"H-1158 Budapest, H\u0171t\u0151 u. 1.\"\n\t\t\t><\/iframe>\n\t\t<\/div>\n\t\t\t\t\t\t<\/div>\n\t\t\t\t<\/div>\n\t\t\t\t\t<\/div>\n\t\t<\/div>\n\t\t\t\t\t<\/div>\n\t\t<\/section>\n\t\t\t\t<section class=\"elementor-section elementor-top-section elementor-element elementor-element-4f198a38 elementor-section-content-top elementor-section-full_width elementor-section-height-default elementor-section-height-default\" data-id=\"4f198a38\" data-element_type=\"section\" data-e-type=\"section\" data-settings=\"{&quot;background_background&quot;:&quot;classic&quot;}\">\n\t\t\t\t\t\t<div class=\"elementor-container elementor-column-gap-default\">\n\t\t\t\t\t<div class=\"elementor-column elementor-col-100 elementor-top-column elementor-element elementor-element-3f71b65d\" data-id=\"3f71b65d\" data-element_type=\"column\" data-e-type=\"column\">\n\t\t\t<div class=\"elementor-widget-wrap elementor-element-populated\">\n\t\t\t\t\t\t<div class=\"elementor-element elementor-element-b794865 elementor-widget elementor-widget-heading\" data-id=\"b794865\" data-element_type=\"widget\" data-e-type=\"widget\" data-widget_type=\"heading.default\">\n\t\t\t\t<div class=\"elementor-widget-container\">\n\t\t\t\t\t<h3 class=\"elementor-heading-title elementor-size-default\">Always Superior Performance!<\/h3>\t\t\t\t<\/div>\n\t\t\t\t<\/div>\n\t\t\t\t\t<\/div>\n\t\t<\/div>\n\t\t\t\t\t<\/div>\n\t\t<\/section>\n\t\t\t\t<\/div>\n\t\t","protected":false},"excerpt":{"rendered":"<p>1158 BUDAPEST, H\u0170T\u0150 U. 1. H\u00edvjon minket! +36 70 452 1177 \u00cdrjon nek\u00fcnk! info@tasp.aero K\u00f6vessen Minket @ LinkedIn! Always Superior Performance!<\/p>\n","protected":false},"author":1,"featured_media":0,"parent":0,"menu_order":0,"comment_status":"closed","ping_status":"closed","template":"","meta":{"footnotes":""},"class_list":["post-112","page","type-page","status-publish","hentry"],"yoast_head":"<!-- This site is optimized with the Yoast SEO plugin v27.0 - https:\/\/yoast.com\/product\/yoast-seo-wordpress\/ -->\n<title>Kapcsolat | TASP<\/title>\n<meta name=\"description\" content=\"Az AERO SPACE POWER egy f\u00fcggetlen MRO v\u00e1llalat. C\u00edm: 1158 Budapest, H\u0171t\u0151 u. 1.\" \/>\n<meta name=\"robots\" content=\"index, follow, max-snippet:-1, max-image-preview:large, max-video-preview:-1\" \/>\n<link rel=\"canonical\" href=\"https:\/\/tasp.aero\/hu\/kapcsolat\/\" \/>\n<meta property=\"og:locale\" content=\"hu_HU\" \/>\n<meta property=\"og:type\" content=\"article\" \/>\n<meta property=\"og:title\" content=\"Kapcsolat | TASP\" \/>\n<meta property=\"og:description\" content=\"Az AERO SPACE POWER egy f\u00fcggetlen MRO v\u00e1llalat. C\u00edm: 1158 Budapest, H\u0171t\u0151 u. 1.\" \/>\n<meta property=\"og:url\" content=\"https:\/\/tasp.aero\/hu\/kapcsolat\/\" \/>\n<meta property=\"og:site_name\" content=\"TASP\" \/>\n<meta property=\"article:modified_time\" content=\"2026-01-07T04:41:29+00:00\" \/>\n<meta property=\"og:image\" content=\"https:\/\/tasp.aero\/hu\/wp-content\/uploads\/2025\/02\/Aero-Space-Power-Contact-1.jpg\" \/>\n\t<meta property=\"og:image:width\" content=\"1440\" \/>\n\t<meta property=\"og:image:height\" content=\"700\" \/>\n\t<meta property=\"og:image:type\" content=\"image\/jpeg\" \/>\n<meta name=\"twitter:card\" content=\"summary_large_image\" \/>\n<meta name=\"twitter:label1\" content=\"Becs\u00fclt olvas\u00e1si id\u0151\" \/>\n\t<meta name=\"twitter:data1\" content=\"1 perc\" \/>\n<script type=\"application\/ld+json\" class=\"yoast-schema-graph\">{\"@context\":\"https:\/\/schema.org\",\"@graph\":[{\"@type\":\"WebPage\",\"@id\":\"https:\/\/tasp.aero\/hu\/kapcsolat\/\",\"url\":\"https:\/\/tasp.aero\/hu\/kapcsolat\/\",\"name\":\"Kapcsolat | TASP\",\"isPartOf\":{\"@id\":\"https:\/\/tasp.aero\/hu\/#website\"},\"primaryImageOfPage\":{\"@id\":\"https:\/\/tasp.aero\/hu\/kapcsolat\/#primaryimage\"},\"image\":{\"@id\":\"https:\/\/tasp.aero\/hu\/kapcsolat\/#primaryimage\"},\"thumbnailUrl\":\"https:\/\/tasp.aero\/hu\/wp-content\/uploads\/2025\/02\/Aero-Space-Power-Contact-1.jpg\",\"datePublished\":\"2025-02-13T09:29:17+00:00\",\"dateModified\":\"2026-01-07T04:41:29+00:00\",\"description\":\"Az AERO SPACE POWER egy f\u00fcggetlen MRO v\u00e1llalat. C\u00edm: 1158 Budapest, H\u0171t\u0151 u. 1.\",\"breadcrumb\":{\"@id\":\"https:\/\/tasp.aero\/hu\/kapcsolat\/#breadcrumb\"},\"inLanguage\":\"hu\",\"potentialAction\":[{\"@type\":\"ReadAction\",\"target\":[\"https:\/\/tasp.aero\/hu\/kapcsolat\/\"]}]},{\"@type\":\"ImageObject\",\"inLanguage\":\"hu\",\"@id\":\"https:\/\/tasp.aero\/hu\/kapcsolat\/#primaryimage\",\"url\":\"https:\/\/tasp.aero\/hu\/wp-content\/uploads\/2025\/02\/Aero-Space-Power-Contact-1.jpg\",\"contentUrl\":\"https:\/\/tasp.aero\/hu\/wp-content\/uploads\/2025\/02\/Aero-Space-Power-Contact-1.jpg\",\"width\":1440,\"height\":700,\"caption\":\"Contact Methods. Close-up Of A Phone, Email and Post Icons Leaning On White Wall\"},{\"@type\":\"BreadcrumbList\",\"@id\":\"https:\/\/tasp.aero\/hu\/kapcsolat\/#breadcrumb\",\"itemListElement\":[{\"@type\":\"ListItem\",\"position\":1,\"name\":\"Kezd\u0151lap\",\"item\":\"https:\/\/tasp.aero\/hu\/\"},{\"@type\":\"ListItem\",\"position\":2,\"name\":\"Kapcsolat\"}]},{\"@type\":\"WebSite\",\"@id\":\"https:\/\/tasp.aero\/hu\/#website\",\"url\":\"https:\/\/tasp.aero\/hu\/\",\"name\":\"Aeros Space Power\",\"description\":\"Always Superior Performance\",\"publisher\":{\"@id\":\"https:\/\/tasp.aero\/hu\/#organization\"},\"alternateName\":\"ASP\",\"potentialAction\":[{\"@type\":\"SearchAction\",\"target\":{\"@type\":\"EntryPoint\",\"urlTemplate\":\"https:\/\/tasp.aero\/hu\/?s={search_term_string}\"},\"query-input\":{\"@type\":\"PropertyValueSpecification\",\"valueRequired\":true,\"valueName\":\"search_term_string\"}}],\"inLanguage\":\"hu\"},{\"@type\":\"Organization\",\"@id\":\"https:\/\/tasp.aero\/hu\/#organization\",\"name\":\"TASP\",\"alternateName\":\"ASP\",\"url\":\"https:\/\/tasp.aero\/hu\/\",\"logo\":{\"@type\":\"ImageObject\",\"inLanguage\":\"hu\",\"@id\":\"https:\/\/tasp.aero\/hu\/#\/schema\/logo\/image\/\",\"url\":\"https:\/\/tasp.aero\/hu\/wp-content\/uploads\/2025\/03\/AeroSpacePower-scaled.jpg\",\"contentUrl\":\"https:\/\/tasp.aero\/hu\/wp-content\/uploads\/2025\/03\/AeroSpacePower-scaled.jpg\",\"width\":2560,\"height\":2204,\"caption\":\"TASP\"},\"image\":{\"@id\":\"https:\/\/tasp.aero\/hu\/#\/schema\/logo\/image\/\"}}]}<\/script>\n<!-- \/ Yoast SEO plugin. -->","yoast_head_json":{"title":"Kapcsolat | TASP","description":"Az AERO SPACE POWER egy f\u00fcggetlen MRO v\u00e1llalat. C\u00edm: 1158 Budapest, H\u0171t\u0151 u. 1.","robots":{"index":"index","follow":"follow","max-snippet":"max-snippet:-1","max-image-preview":"max-image-preview:large","max-video-preview":"max-video-preview:-1"},"canonical":"https:\/\/tasp.aero\/hu\/kapcsolat\/","og_locale":"hu_HU","og_type":"article","og_title":"Kapcsolat | TASP","og_description":"Az AERO SPACE POWER egy f\u00fcggetlen MRO v\u00e1llalat. C\u00edm: 1158 Budapest, H\u0171t\u0151 u. 1.","og_url":"https:\/\/tasp.aero\/hu\/kapcsolat\/","og_site_name":"TASP","article_modified_time":"2026-01-07T04:41:29+00:00","og_image":[{"width":1440,"height":700,"url":"https:\/\/tasp.aero\/hu\/wp-content\/uploads\/2025\/02\/Aero-Space-Power-Contact-1.jpg","type":"image\/jpeg"}],"twitter_card":"summary_large_image","twitter_misc":{"Becs\u00fclt olvas\u00e1si id\u0151":"1 perc"},"schema":{"@context":"https:\/\/schema.org","@graph":[{"@type":"WebPage","@id":"https:\/\/tasp.aero\/hu\/kapcsolat\/","url":"https:\/\/tasp.aero\/hu\/kapcsolat\/","name":"Kapcsolat | TASP","isPartOf":{"@id":"https:\/\/tasp.aero\/hu\/#website"},"primaryImageOfPage":{"@id":"https:\/\/tasp.aero\/hu\/kapcsolat\/#primaryimage"},"image":{"@id":"https:\/\/tasp.aero\/hu\/kapcsolat\/#primaryimage"},"thumbnailUrl":"https:\/\/tasp.aero\/hu\/wp-content\/uploads\/2025\/02\/Aero-Space-Power-Contact-1.jpg","datePublished":"2025-02-13T09:29:17+00:00","dateModified":"2026-01-07T04:41:29+00:00","description":"Az AERO SPACE POWER egy f\u00fcggetlen MRO v\u00e1llalat. C\u00edm: 1158 Budapest, H\u0171t\u0151 u. 1.","breadcrumb":{"@id":"https:\/\/tasp.aero\/hu\/kapcsolat\/#breadcrumb"},"inLanguage":"hu","potentialAction":[{"@type":"ReadAction","target":["https:\/\/tasp.aero\/hu\/kapcsolat\/"]}]},{"@type":"ImageObject","inLanguage":"hu","@id":"https:\/\/tasp.aero\/hu\/kapcsolat\/#primaryimage","url":"https:\/\/tasp.aero\/hu\/wp-content\/uploads\/2025\/02\/Aero-Space-Power-Contact-1.jpg","contentUrl":"https:\/\/tasp.aero\/hu\/wp-content\/uploads\/2025\/02\/Aero-Space-Power-Contact-1.jpg","width":1440,"height":700,"caption":"Contact Methods. Close-up Of A Phone, Email and Post Icons Leaning On White Wall"},{"@type":"BreadcrumbList","@id":"https:\/\/tasp.aero\/hu\/kapcsolat\/#breadcrumb","itemListElement":[{"@type":"ListItem","position":1,"name":"Kezd\u0151lap","item":"https:\/\/tasp.aero\/hu\/"},{"@type":"ListItem","position":2,"name":"Kapcsolat"}]},{"@type":"WebSite","@id":"https:\/\/tasp.aero\/hu\/#website","url":"https:\/\/tasp.aero\/hu\/","name":"Aeros Space Power","description":"Always Superior Performance","publisher":{"@id":"https:\/\/tasp.aero\/hu\/#organization"},"alternateName":"ASP","potentialAction":[{"@type":"SearchAction","target":{"@type":"EntryPoint","urlTemplate":"https:\/\/tasp.aero\/hu\/?s={search_term_string}"},"query-input":{"@type":"PropertyValueSpecification","valueRequired":true,"valueName":"search_term_string"}}],"inLanguage":"hu"},{"@type":"Organization","@id":"https:\/\/tasp.aero\/hu\/#organization","name":"TASP","alternateName":"ASP","url":"https:\/\/tasp.aero\/hu\/","logo":{"@type":"ImageObject","inLanguage":"hu","@id":"https:\/\/tasp.aero\/hu\/#\/schema\/logo\/image\/","url":"https:\/\/tasp.aero\/hu\/wp-content\/uploads\/2025\/03\/AeroSpacePower-scaled.jpg","contentUrl":"https:\/\/tasp.aero\/hu\/wp-content\/uploads\/2025\/03\/AeroSpacePower-scaled.jpg","width":2560,"height":2204,"caption":"TASP"},"image":{"@id":"https:\/\/tasp.aero\/hu\/#\/schema\/logo\/image\/"}}]}},"_links":{"self":[{"href":"https:\/\/tasp.aero\/hu\/wp-json\/wp\/v2\/pages\/112","targetHints":{"allow":["GET"]}}],"collection":[{"href":"https:\/\/tasp.aero\/hu\/wp-json\/wp\/v2\/pages"}],"about":[{"href":"https:\/\/tasp.aero\/hu\/wp-json\/wp\/v2\/types\/page"}],"author":[{"embeddable":true,"href":"https:\/\/tasp.aero\/hu\/wp-json\/wp\/v2\/users\/1"}],"replies":[{"embeddable":true,"href":"https:\/\/tasp.aero\/hu\/wp-json\/wp\/v2\/comments?post=112"}],"version-history":[{"count":93,"href":"https:\/\/tasp.aero\/hu\/wp-json\/wp\/v2\/pages\/112\/revisions"}],"predecessor-version":[{"id":2768,"href":"https:\/\/tasp.aero\/hu\/wp-json\/wp\/v2\/pages\/112\/revisions\/2768"}],"wp:attachment":[{"href":"https:\/\/tasp.aero\/hu\/wp-json\/wp\/v2\/media?parent=112"}],"curies":[{"name":"wp","href":"https:\/\/api.w.org\/{rel}","templated":true}]}}